{"id":52674,"date":"2025-03-26T10:01:02","date_gmt":"2025-03-26T09:01:02","guid":{"rendered":"https:\/\/mastertix.de\/?page_id=52674"},"modified":"2025-03-26T10:01:55","modified_gmt":"2025-03-26T09:01:55","slug":"yung-lean","status":"publish","type":"page","link":"https:\/\/mastertix.de\/en\/yung-lean\/","title":{"rendered":"Yung Lean"},"content":{"rendered":"<div data-elementor-type=\"wp-page\" data-elementor-id=\"52674\" class=\"elementor elementor-52674\" data-elementor-post-type=\"page\">\n\t\t\t\t<div class=\"wd-negative-gap elementor-element elementor-element-2351615 e-flex e-con-boxed wd-section-disabled e-con e-parent\" data-id=\"2351615\" data-element_type=\"container\" data-core-v316-plus=\"true\">\n\t\t\t\t\t<div class=\"e-con-inner\">\n\t\t<div class=\"elementor-element elementor-element-f7a9d6f e-con-full e-flex wd-section-disabled e-con e-child\" data-id=\"f7a9d6f\" data-element_type=\"container\">\n\t\t\t\t<div class=\"elementor-element elementor-element-5e59032 elementor-hidden-desktop elementor-hidden-mobile elementor-widget elementor-widget-spacer\" data-id=\"5e59032\" data-element_type=\"widget\" data-widget_type=\"spacer.default\">\n\t\t\t\t<div class=\"elementor-widget-container\">\n\t\t\t<style>\/*! elementor - v3.20.0 - 13-03-2024 *\/\n.elementor-column .elementor-spacer-inner{height:var(--spacer-size)}.e-con{--container-widget-width:100%}.e-con-inner>.elementor-widget-spacer,.e-con>.elementor-widget-spacer{width:var(--container-widget-width,var(--spacer-size));--align-self:var(--container-widget-align-self,initial);--flex-shrink:0}.e-con-inner>.elementor-widget-spacer>.elementor-widget-container,.e-con>.elementor-widget-spacer>.elementor-widget-container{height:100%;width:100%}.e-con-inner>.elementor-widget-spacer>.elementor-widget-container>.elementor-spacer,.e-con>.elementor-widget-spacer>.elementor-widget-container>.elementor-spacer{height:100%}.e-con-inner>.elementor-widget-spacer>.elementor-widget-container>.elementor-spacer>.elementor-spacer-inner,.e-con>.elementor-widget-spacer>.elementor-widget-container>.elementor-spacer>.elementor-spacer-inner{height:var(--container-widget-height,var(--spacer-size))}.e-con-inner>.elementor-widget-spacer.elementor-widget-empty,.e-con>.elementor-widget-spacer.elementor-widget-empty{position:relative;min-height:22px;min-width:22px}.e-con-inner>.elementor-widget-spacer.elementor-widget-empty .elementor-widget-empty-icon,.e-con>.elementor-widget-spacer.elementor-widget-empty .elementor-widget-empty-icon{position:absolute;top:0;bottom:0;left:0;right:0;margin:auto;padding:0;width:22px;height:22px}<\/style>\t\t<div class=\"elementor-spacer\">\n\t\t\t<div class=\"elementor-spacer-inner\"><\/div>\n\t\t<\/div>\n\t\t\t\t<\/div>\n\t\t\t\t<\/div>\n\t\t\t\t<div class=\"elementor-element elementor-element-8225997 elementor-widget elementor-widget-image\" data-id=\"8225997\" data-element_type=\"widget\" data-widget_type=\"image.default\">\n\t\t\t\t<div class=\"elementor-widget-container\">\n\t\t\t<style>\/*! elementor - v3.20.0 - 13-03-2024 *\/\n.elementor-widget-image{text-align:center}.elementor-widget-image a{display:inline-block}.elementor-widget-image a img[src$=\".svg\"]{width:48px}.elementor-widget-image img{vertical-align:middle;display:inline-block}<\/style>\t\t\t\t\t\t\t\t\t\t<img fetchpriority=\"high\" decoding=\"async\" width=\"960\" height=\"720\" src=\"https:\/\/mastertix.de\/wp-content\/uploads\/2024\/04\/bg-2.jpg\" class=\"attachment-full size-full wp-image-16629\" alt=\"\" srcset=\"https:\/\/mastertix.de\/wp-content\/uploads\/2024\/04\/bg-2.jpg 960w, https:\/\/mastertix.de\/wp-content\/uploads\/2024\/04\/bg-2-300x225.jpg 300w, https:\/\/mastertix.de\/wp-content\/uploads\/2024\/04\/bg-2-768x576.jpg 768w, https:\/\/mastertix.de\/wp-content\/uploads\/2024\/04\/bg-2-16x12.jpg 16w, https:\/\/mastertix.de\/wp-content\/uploads\/2024\/04\/bg-2-150x113.jpg 150w, https:\/\/mastertix.de\/wp-content\/uploads\/2024\/04\/bg-2-64x48.jpg 64w\" sizes=\"(max-width: 960px) 100vw, 960px\" \/>\t\t\t\t\t\t\t\t\t\t\t\t\t<\/div>\n\t\t\t\t<\/div>\n\t\t\t\t<\/div>\n\t\t<div class=\"elementor-element elementor-element-22f0c60 e-con-full e-flex wd-section-disabled e-con e-child\" data-id=\"22f0c60\" data-element_type=\"container\">\n\t\t\t\t<div class=\"elementor-element elementor-element-75d939d elementor-widget elementor-widget-spacer\" data-id=\"75d939d\" data-element_type=\"widget\" data-widget_type=\"spacer.default\">\n\t\t\t\t<div class=\"elementor-widget-container\">\n\t\t\t\t\t<div class=\"elementor-spacer\">\n\t\t\t<div class=\"elementor-spacer-inner\"><\/div>\n\t\t<\/div>\n\t\t\t\t<\/div>\n\t\t\t\t<\/div>\n\t\t\t\t<div class=\"elementor-element elementor-element-4ccecf9 elementor-widget elementor-widget-heading\" data-id=\"4ccecf9\" data-element_type=\"widget\" data-widget_type=\"heading.default\">\n\t\t\t\t<div class=\"elementor-widget-container\">\n\t\t\t<style>\/*! elementor - v3.20.0 - 13-03-2024 *\/\n.elementor-heading-title{padding:0;margin:0;line-height:1}.elementor-widget-heading .elementor-heading-title[class*=elementor-size-]>a{color:inherit;font-size:inherit;line-height:inherit}.elementor-widget-heading .elementor-heading-title.elementor-size-small{font-size:15px}.elementor-widget-heading .elementor-heading-title.elementor-size-medium{font-size:19px}.elementor-widget-heading .elementor-heading-title.elementor-size-large{font-size:29px}.elementor-widget-heading .elementor-heading-title.elementor-size-xl{font-size:39px}.elementor-widget-heading .elementor-heading-title.elementor-size-xxl{font-size:59px}<\/style><h1 class=\"elementor-heading-title elementor-size-default\"><a href=\"https:\/\/mastertix.de\/en\/yung-lean\/\">Yung Lean<\/a><\/h1>\t\t<\/div>\n\t\t\t\t<\/div>\n\t\t\t\t<div class=\"elementor-element elementor-element-8bfcef8 elementor-hidden-mobile color-scheme-inherit text-left elementor-widget elementor-widget-text-editor\" data-id=\"8bfcef8\" data-element_type=\"widget\" data-widget_type=\"text-editor.default\">\n\t\t\t\t<div class=\"elementor-widget-container\">\n\t\t\t<style>\/*! elementor - v3.20.0 - 13-03-2024 *\/\n.elementor-widget-text-editor.elementor-drop-cap-view-stacked .elementor-drop-cap{background-color:#69727d;color:#fff}.elementor-widget-text-editor.elementor-drop-cap-view-framed .elementor-drop-cap{color:#69727d;border:3px solid;background-color:transparent}.elementor-widget-text-editor:not(.elementor-drop-cap-view-default) .elementor-drop-cap{margin-top:8px}.elementor-widget-text-editor:not(.elementor-drop-cap-view-default) .elementor-drop-cap-letter{width:1em;height:1em}.elementor-widget-text-editor .elementor-drop-cap{float:left;text-align:center;line-height:1;font-size:50px}.elementor-widget-text-editor .elementor-drop-cap-letter{display:inline-block}<\/style>\t\t\t\t<p data-start=\"57\" data-end=\"512\">Yung Lean, whose real name is Jonatan Leandoer H\u00e5stad, is a Swedish rapper, singer and songwriter who is considered one of the most important representatives of cloud rap. Born in Stockholm in 1996, he rose to fame in 2013 with songs such as <em data-start=\"286\" data-end=\"306\">Ginseng Strip 2002<\/em> and <em data-start=\"311\" data-end=\"318\" data-is-only-node=\"\">Kyoto<\/em> international attention. His melancholic, dreamy beats, combined with an often monotonous but hypnotic rap style, made him a cult figure on the internet rap scene.<\/p><p data-start=\"514\" data-end=\"1014\">With his debut album <em data-start=\"536\" data-end=\"552\">Unknown Memory<\/em> (2014), Yung Lean consolidated his unique style, which is strongly characterised by synthesiser-heavy instrumentals and introspective lyrics. Later albums such as <em data-start=\"712\" data-end=\"722\" data-is-only-node=\"\">Stranger<\/em> (2017) and <em data-start=\"734\" data-end=\"741\">Starz<\/em> (2020) showed his musical evolution by integrating elements of alternative, indie and emo-rap. In addition to his solo career, he also collaborates with artists such as Bladee and Thaiboy Digital, who are part of his music collective <em data-start=\"996\" data-end=\"1006\">Sad Boys<\/em> are.<\/p><p data-start=\"1016\" data-end=\"1412\" data-is-last-node=\"\" data-is-only-node=\"\">Yung Lean has developed from a viral internet phenomenon into an artist to be taken seriously, who has had a lasting influence on subgenres and trends. His sound remains unique, his aesthetic anchored between nostalgia and the digital future. With his ability to combine emotional depth and experimental hip-hop, he remains one of the most influential figures on the modern rap scene.<\/p>\t\t\t\t\t\t<\/div>\n\t\t\t\t<\/div>\n\t\t\t\t<\/div>\n\t\t\t\t\t<\/div>\n\t\t\t\t<\/div>\n\t\t<div class=\"elementor-element elementor-element-4dfefb1 e-con-full wd-section-stretch-content e-flex e-con e-parent\" data-id=\"4dfefb1\" data-element_type=\"container\" data-core-v316-plus=\"true\">\n\t\t\t\t<div class=\"elementor-element elementor-element-6cfad16 elementor-widget-divider--view-line elementor-widget elementor-widget-divider\" data-id=\"6cfad16\" data-element_type=\"widget\" data-widget_type=\"divider.default\">\n\t\t\t\t<div class=\"elementor-widget-container\">\n\t\t\t<style>\/*! elementor - v3.20.0 - 13-03-2024 *\/\n.elementor-widget-divider{--divider-border-style:none;--divider-border-width:1px;--divider-color:#0c0d0e;--divider-icon-size:20px;--divider-element-spacing:10px;--divider-pattern-height:24px;--divider-pattern-size:20px;--divider-pattern-url:none;--divider-pattern-repeat:repeat-x}.elementor-widget-divider .elementor-divider{display:flex}.elementor-widget-divider .elementor-divider__text{font-size:15px;line-height:1;max-width:95%}.elementor-widget-divider .elementor-divider__element{margin:0 var(--divider-element-spacing);flex-shrink:0}.elementor-widget-divider .elementor-icon{font-size:var(--divider-icon-size)}.elementor-widget-divider .elementor-divider-separator{display:flex;margin:0;direction:ltr}.elementor-widget-divider--view-line_icon .elementor-divider-separator,.elementor-widget-divider--view-line_text .elementor-divider-separator{align-items:center}.elementor-widget-divider--view-line_icon .elementor-divider-separator:after,.elementor-widget-divider--view-line_icon .elementor-divider-separator:before,.elementor-widget-divider--view-line_text .elementor-divider-separator:after,.elementor-widget-divider--view-line_text .elementor-divider-separator:before{display:block;content:\"\";border-block-end:0;flex-grow:1;border-block-start:var(--divider-border-width) var(--divider-border-style) var(--divider-color)}.elementor-widget-divider--element-align-left .elementor-divider .elementor-divider-separator>.elementor-divider__svg:first-of-type{flex-grow:0;flex-shrink:100}.elementor-widget-divider--element-align-left .elementor-divider-separator:before{content:none}.elementor-widget-divider--element-align-left .elementor-divider__element{margin-left:0}.elementor-widget-divider--element-align-right .elementor-divider .elementor-divider-separator>.elementor-divider__svg:last-of-type{flex-grow:0;flex-shrink:100}.elementor-widget-divider--element-align-right .elementor-divider-separator:after{content:none}.elementor-widget-divider--element-align-right .elementor-divider__element{margin-right:0}.elementor-widget-divider--element-align-start .elementor-divider .elementor-divider-separator>.elementor-divider__svg:first-of-type{flex-grow:0;flex-shrink:100}.elementor-widget-divider--element-align-start .elementor-divider-separator:before{content:none}.elementor-widget-divider--element-align-start .elementor-divider__element{margin-inline-start:0}.elementor-widget-divider--element-align-end .elementor-divider .elementor-divider-separator>.elementor-divider__svg:last-of-type{flex-grow:0;flex-shrink:100}.elementor-widget-divider--element-align-end .elementor-divider-separator:after{content:none}.elementor-widget-divider--element-align-end .elementor-divider__element{margin-inline-end:0}.elementor-widget-divider:not(.elementor-widget-divider--view-line_text):not(.elementor-widget-divider--view-line_icon) .elementor-divider-separator{border-block-start:var(--divider-border-width) var(--divider-border-style) var(--divider-color)}.elementor-widget-divider--separator-type-pattern{--divider-border-style:none}.elementor-widget-divider--separator-type-pattern.elementor-widget-divider--view-line .elementor-divider-separator,.elementor-widget-divider--separator-type-pattern:not(.elementor-widget-divider--view-line) .elementor-divider-separator:after,.elementor-widget-divider--separator-type-pattern:not(.elementor-widget-divider--view-line) .elementor-divider-separator:before,.elementor-widget-divider--separator-type-pattern:not([class*=elementor-widget-divider--view]) .elementor-divider-separator{width:100%;min-height:var(--divider-pattern-height);-webkit-mask-size:var(--divider-pattern-size) 100%;mask-size:var(--divider-pattern-size) 100%;-webkit-mask-repeat:var(--divider-pattern-repeat);mask-repeat:var(--divider-pattern-repeat);background-color:var(--divider-color);-webkit-mask-image:var(--divider-pattern-url);mask-image:var(--divider-pattern-url)}.elementor-widget-divider--no-spacing{--divider-pattern-size:auto}.elementor-widget-divider--bg-round{--divider-pattern-repeat:round}.rtl .elementor-widget-divider .elementor-divider__text{direction:rtl}.e-con-inner>.elementor-widget-divider,.e-con>.elementor-widget-divider{width:var(--container-widget-width,100%);--flex-grow:var(--container-widget-flex-grow)}<\/style>\t\t<div class=\"elementor-divider\">\n\t\t\t<span class=\"elementor-divider-separator\">\n\t\t\t\t\t\t<\/span>\n\t\t<\/div>\n\t\t\t\t<\/div>\n\t\t\t\t<\/div>\n\t\t\t\t<\/div>\n\t\t<div class=\"wd-negative-gap elementor-element elementor-element-e800fe5 e-flex e-con-boxed wd-section-disabled e-con e-parent\" data-id=\"e800fe5\" data-element_type=\"container\" data-core-v316-plus=\"true\">\n\t\t\t\t\t<div class=\"e-con-inner\">\n\t\t<div class=\"elementor-element elementor-element-157a403 e-con-full e-flex wd-section-disabled e-con e-child\" data-id=\"157a403\" data-element_type=\"container\">\n\t\t\t\t<div class=\"elementor-element elementor-element-046fa07 elementor-widget elementor-widget-image\" data-id=\"046fa07\" data-element_type=\"widget\" data-widget_type=\"image.default\">\n\t\t\t\t<div class=\"elementor-widget-container\">\n\t\t\t\t\t\t\t\t\t\t\t\t\t<img decoding=\"async\" src=\"https:\/\/mastertix.de\/wp-content\/uploads\/2023\/10\/germany-31017_1280-min.png\" title=\"\" alt=\"\" loading=\"lazy\" \/>\t\t\t\t\t\t\t\t\t\t\t\t\t<\/div>\n\t\t\t\t<\/div>\n\t\t\t\t<\/div>\n\t\t<div class=\"elementor-element elementor-element-dcbe7e1 e-con-full e-flex wd-section-disabled e-con e-child\" data-id=\"dcbe7e1\" data-element_type=\"container\">\n\t\t\t\t<div class=\"elementor-element elementor-element-b2a32b3 elementor-widget-mobile__width-initial color-scheme-inherit text-left elementor-widget elementor-widget-text-editor\" data-id=\"b2a32b3\" data-element_type=\"widget\" data-widget_type=\"text-editor.default\">\n\t\t\t\t<div class=\"elementor-widget-container\">\n\t\t\t\t\t\t\t<h4><strong><span style=\"color: #000000;\"><img decoding=\"async\" class=\"alignnone wp-image-10463 size-full\" src=\"https:\/\/mastertix.de\/wp-content\/uploads\/2024\/02\/germany-2.png\" alt=\"\" width=\"25\" height=\"25\" srcset=\"https:\/\/mastertix.de\/wp-content\/uploads\/2024\/02\/germany-2.png 25w, https:\/\/mastertix.de\/wp-content\/uploads\/2024\/02\/germany-2-12x12.png 12w\" sizes=\"(max-width: 25px) 100vw, 25px\" \/> <\/span><\/strong><strong><span style=\"color: #000000;\">Events in Germany<\/span><\/strong><\/h4>\t\t\t\t\t\t<\/div>\n\t\t\t\t<\/div>\n\t\t\t\t<\/div>\n\t\t\t\t\t<\/div>\n\t\t\t\t<\/div>\n\t\t<div class=\"wd-negative-gap elementor-element elementor-element-f121275 e-flex e-con-boxed wd-section-disabled e-con e-parent\" data-id=\"f121275\" data-element_type=\"container\" data-core-v316-plus=\"true\">\n\t\t\t\t\t<div class=\"e-con-inner\">\n\t\t<div class=\"elementor-element elementor-element-f90b1bc e-con-full e-flex wd-section-disabled e-con e-child\" data-id=\"f90b1bc\" data-element_type=\"container\" data-settings=\"{&quot;background_background&quot;:&quot;classic&quot;}\">\n\t\t\t\t<\/div>\n\t\t<div class=\"elementor-element elementor-element-dc49e70 e-con-full e-flex wd-section-disabled e-con e-child\" data-id=\"dc49e70\" data-element_type=\"container\">\n\t\t\t\t<div class=\"elementor-element elementor-element-4be897b elementor-hidden-desktop elementor-hidden-tablet color-scheme-inherit text-left elementor-widget elementor-widget-text-editor\" data-id=\"4be897b\" data-element_type=\"widget\" data-widget_type=\"text-editor.default\">\n\t\t\t\t<div class=\"elementor-widget-container\">\n\t\t\t\t\t\t\t\t\t\t\t\t\t<\/div>\n\t\t\t\t<\/div>\n\t\t\t\t<div class=\"elementor-element elementor-element-20c7c8d elementor-hidden-desktop elementor-hidden-tablet elementor-widget elementor-widget-spacer\" data-id=\"20c7c8d\" data-element_type=\"widget\" data-widget_type=\"spacer.default\">\n\t\t\t\t<div class=\"elementor-widget-container\">\n\t\t\t\t\t<div class=\"elementor-spacer\">\n\t\t\t<div class=\"elementor-spacer-inner\"><\/div>\n\t\t<\/div>\n\t\t\t\t<\/div>\n\t\t\t\t<\/div>\n\t\t\t\t<div class=\"elementor-element elementor-element-0859cc9 elementor-widget elementor-widget-image\" data-id=\"0859cc9\" data-element_type=\"widget\" data-widget_type=\"image.default\">\n\t\t\t\t<div class=\"elementor-widget-container\">\n\t\t\t\t\t\t\t\t\t\t\t\t\t\t<a href=\"https:\/\/mastertix.de\/en\/gutscheine\/\">\n\t\t\t\t\t\t\t<img decoding=\"async\" width=\"724\" height=\"1024\" src=\"https:\/\/mastertix.de\/wp-content\/uploads\/2024\/01\/Geschenkgutscheine-724x1024.jpg\" class=\"attachment-large size-large wp-image-2830\" alt=\"\" srcset=\"https:\/\/mastertix.de\/wp-content\/uploads\/2024\/01\/Geschenkgutscheine-724x1024.jpg 724w, https:\/\/mastertix.de\/wp-content\/uploads\/2024\/01\/Geschenkgutscheine-212x300.jpg 212w, https:\/\/mastertix.de\/wp-content\/uploads\/2024\/01\/Geschenkgutscheine-768x1086.jpg 768w, https:\/\/mastertix.de\/wp-content\/uploads\/2024\/01\/Geschenkgutscheine-1086x1536.jpg 1086w, https:\/\/mastertix.de\/wp-content\/uploads\/2024\/01\/Geschenkgutscheine-8x12.jpg 8w, https:\/\/mastertix.de\/wp-content\/uploads\/2024\/01\/Geschenkgutscheine-1200x1697.jpg 1200w, https:\/\/mastertix.de\/wp-content\/uploads\/2024\/01\/Geschenkgutscheine-150x212.jpg 150w, https:\/\/mastertix.de\/wp-content\/uploads\/2024\/01\/Geschenkgutscheine.jpg 1414w\" sizes=\"(max-width: 724px) 100vw, 724px\" \/>\t\t\t\t\t\t\t\t<\/a>\n\t\t\t\t\t\t\t\t\t\t\t\t\t<\/div>\n\t\t\t\t<\/div>\n\t\t\t\t<\/div>\n\t\t\t\t\t<\/div>\n\t\t\t\t<\/div>\n\t\t<div class=\"wd-negative-gap elementor-element elementor-element-bb3199f e-flex e-con-boxed wd-section-disabled e-con e-parent\" data-id=\"bb3199f\" data-element_type=\"container\" data-core-v316-plus=\"true\">\n\t\t\t\t\t<div class=\"e-con-inner\">\n\t\t<div class=\"elementor-element elementor-element-c091324 e-con-full e-flex wd-section-disabled e-con e-child\" data-id=\"c091324\" data-element_type=\"container\" data-settings=\"{&quot;background_background&quot;:&quot;classic&quot;}\">\n\t\t\t\t<\/div>\n\t\t\t\t\t<\/div>\n\t\t\t\t<\/div>\n\t\t<div class=\"wd-negative-gap elementor-element elementor-element-afcfb1d e-flex e-con-boxed wd-section-disabled e-con e-parent\" data-id=\"afcfb1d\" data-element_type=\"container\" data-core-v316-plus=\"true\">\n\t\t\t\t\t<div class=\"e-con-inner\">\n\t\t\t\t<div class=\"elementor-element elementor-element-89fc1a1 elementor-widget elementor-widget-spacer\" data-id=\"89fc1a1\" data-element_type=\"widget\" data-widget_type=\"spacer.default\">\n\t\t\t\t<div class=\"elementor-widget-container\">\n\t\t\t\t\t<div class=\"elementor-spacer\">\n\t\t\t<div class=\"elementor-spacer-inner\"><\/div>\n\t\t<\/div>\n\t\t\t\t<\/div>\n\t\t\t\t<\/div>\n\t\t\t\t\t<\/div>\n\t\t\t\t<\/div>\n\t\t\t\t<\/div>","protected":false},"excerpt":{"rendered":"<p>Yung Lean Yung Lean, mit b\u00fcrgerlichem Namen Jonatan Leandoer H\u00e5stad, ist ein schwedischer Rapper, S\u00e4nger und Songwriter, der als einer<\/p>","protected":false},"author":2,"featured_media":0,"parent":0,"menu_order":0,"comment_status":"closed","ping_status":"closed","template":"elementor_header_footer","meta":{"footnotes":""},"class_list":["post-52674","page","type-page","status-publish","hentry"],"publishpress_future_workflow_manual_trigger":{"enabledWorkflows":[]},"_links":{"self":[{"href":"https:\/\/mastertix.de\/en\/wp-json\/wp\/v2\/pages\/52674","targetHints":{"allow":["GET"]}}],"collection":[{"href":"https:\/\/mastertix.de\/en\/wp-json\/wp\/v2\/pages"}],"about":[{"href":"https:\/\/mastertix.de\/en\/wp-json\/wp\/v2\/types\/page"}],"author":[{"embeddable":true,"href":"https:\/\/mastertix.de\/en\/wp-json\/wp\/v2\/users\/2"}],"replies":[{"embeddable":true,"href":"https:\/\/mastertix.de\/en\/wp-json\/wp\/v2\/comments?post=52674"}],"version-history":[{"count":0,"href":"https:\/\/mastertix.de\/en\/wp-json\/wp\/v2\/pages\/52674\/revisions"}],"wp:attachment":[{"href":"https:\/\/mastertix.de\/en\/wp-json\/wp\/v2\/media?parent=52674"}],"curies":[{"name":"wp","href":"https:\/\/api.w.org\/{rel}","templated":true}]}}