{"id":43365,"date":"2024-12-16T09:18:51","date_gmt":"2024-12-16T08:18:51","guid":{"rendered":"https:\/\/mastertix.de\/?page_id=43365"},"modified":"2024-12-16T09:19:45","modified_gmt":"2024-12-16T08:19:45","slug":"jacob-collier","status":"publish","type":"page","link":"https:\/\/mastertix.de\/en\/jacob-collier\/","title":{"rendered":"Jacob Collier"},"content":{"rendered":"<div data-elementor-type=\"wp-page\" data-elementor-id=\"43365\" class=\"elementor elementor-43365\" data-elementor-post-type=\"page\">\n\t\t\t\t<div class=\"wd-negative-gap elementor-element elementor-element-2351615 e-flex e-con-boxed wd-section-disabled e-con e-parent\" data-id=\"2351615\" data-element_type=\"container\" data-core-v316-plus=\"true\">\n\t\t\t\t\t<div class=\"e-con-inner\">\n\t\t<div class=\"elementor-element elementor-element-f7a9d6f e-con-full e-flex wd-section-disabled e-con e-child\" data-id=\"f7a9d6f\" data-element_type=\"container\">\n\t\t\t\t<div class=\"elementor-element elementor-element-5e59032 elementor-hidden-desktop elementor-hidden-mobile elementor-widget elementor-widget-spacer\" data-id=\"5e59032\" data-element_type=\"widget\" data-widget_type=\"spacer.default\">\n\t\t\t\t<div class=\"elementor-widget-container\">\n\t\t\t<style>\/*! elementor - v3.20.0 - 13-03-2024 *\/\n.elementor-column .elementor-spacer-inner{height:var(--spacer-size)}.e-con{--container-widget-width:100%}.e-con-inner>.elementor-widget-spacer,.e-con>.elementor-widget-spacer{width:var(--container-widget-width,var(--spacer-size));--align-self:var(--container-widget-align-self,initial);--flex-shrink:0}.e-con-inner>.elementor-widget-spacer>.elementor-widget-container,.e-con>.elementor-widget-spacer>.elementor-widget-container{height:100%;width:100%}.e-con-inner>.elementor-widget-spacer>.elementor-widget-container>.elementor-spacer,.e-con>.elementor-widget-spacer>.elementor-widget-container>.elementor-spacer{height:100%}.e-con-inner>.elementor-widget-spacer>.elementor-widget-container>.elementor-spacer>.elementor-spacer-inner,.e-con>.elementor-widget-spacer>.elementor-widget-container>.elementor-spacer>.elementor-spacer-inner{height:var(--container-widget-height,var(--spacer-size))}.e-con-inner>.elementor-widget-spacer.elementor-widget-empty,.e-con>.elementor-widget-spacer.elementor-widget-empty{position:relative;min-height:22px;min-width:22px}.e-con-inner>.elementor-widget-spacer.elementor-widget-empty .elementor-widget-empty-icon,.e-con>.elementor-widget-spacer.elementor-widget-empty .elementor-widget-empty-icon{position:absolute;top:0;bottom:0;left:0;right:0;margin:auto;padding:0;width:22px;height:22px}<\/style>\t\t<div class=\"elementor-spacer\">\n\t\t\t<div class=\"elementor-spacer-inner\"><\/div>\n\t\t<\/div>\n\t\t\t\t<\/div>\n\t\t\t\t<\/div>\n\t\t\t\t<div class=\"elementor-element elementor-element-8225997 elementor-widget elementor-widget-image\" data-id=\"8225997\" data-element_type=\"widget\" data-widget_type=\"image.default\">\n\t\t\t\t<div class=\"elementor-widget-container\">\n\t\t\t<style>\/*! elementor - v3.20.0 - 13-03-2024 *\/\n.elementor-widget-image{text-align:center}.elementor-widget-image a{display:inline-block}.elementor-widget-image a img[src$=\".svg\"]{width:48px}.elementor-widget-image img{vertical-align:middle;display:inline-block}<\/style>\t\t\t\t\t\t\t\t\t\t<img fetchpriority=\"high\" decoding=\"async\" width=\"960\" height=\"720\" src=\"https:\/\/mastertix.de\/wp-content\/uploads\/2024\/04\/bg-2.jpg\" class=\"attachment-full size-full wp-image-16629\" alt=\"\" srcset=\"https:\/\/mastertix.de\/wp-content\/uploads\/2024\/04\/bg-2.jpg 960w, https:\/\/mastertix.de\/wp-content\/uploads\/2024\/04\/bg-2-300x225.jpg 300w, https:\/\/mastertix.de\/wp-content\/uploads\/2024\/04\/bg-2-768x576.jpg 768w, https:\/\/mastertix.de\/wp-content\/uploads\/2024\/04\/bg-2-16x12.jpg 16w, https:\/\/mastertix.de\/wp-content\/uploads\/2024\/04\/bg-2-150x113.jpg 150w, https:\/\/mastertix.de\/wp-content\/uploads\/2024\/04\/bg-2-64x48.jpg 64w\" sizes=\"(max-width: 960px) 100vw, 960px\" \/>\t\t\t\t\t\t\t\t\t\t\t\t\t<\/div>\n\t\t\t\t<\/div>\n\t\t\t\t<\/div>\n\t\t<div class=\"elementor-element elementor-element-22f0c60 e-con-full e-flex wd-section-disabled e-con e-child\" data-id=\"22f0c60\" data-element_type=\"container\">\n\t\t\t\t<div class=\"elementor-element elementor-element-75d939d elementor-widget elementor-widget-spacer\" data-id=\"75d939d\" data-element_type=\"widget\" data-widget_type=\"spacer.default\">\n\t\t\t\t<div class=\"elementor-widget-container\">\n\t\t\t\t\t<div class=\"elementor-spacer\">\n\t\t\t<div class=\"elementor-spacer-inner\"><\/div>\n\t\t<\/div>\n\t\t\t\t<\/div>\n\t\t\t\t<\/div>\n\t\t\t\t<div class=\"elementor-element elementor-element-4ccecf9 elementor-widget elementor-widget-heading\" data-id=\"4ccecf9\" data-element_type=\"widget\" data-widget_type=\"heading.default\">\n\t\t\t\t<div class=\"elementor-widget-container\">\n\t\t\t<style>\/*! elementor - v3.20.0 - 13-03-2024 *\/\n.elementor-heading-title{padding:0;margin:0;line-height:1}.elementor-widget-heading .elementor-heading-title[class*=elementor-size-]>a{color:inherit;font-size:inherit;line-height:inherit}.elementor-widget-heading .elementor-heading-title.elementor-size-small{font-size:15px}.elementor-widget-heading .elementor-heading-title.elementor-size-medium{font-size:19px}.elementor-widget-heading .elementor-heading-title.elementor-size-large{font-size:29px}.elementor-widget-heading .elementor-heading-title.elementor-size-xl{font-size:39px}.elementor-widget-heading .elementor-heading-title.elementor-size-xxl{font-size:59px}<\/style><h1 class=\"elementor-heading-title elementor-size-default\"><a href=\"https:\/\/mastertix.de\/en\/jacob-collier\/\">Jacob Collier<\/a><\/h1>\t\t<\/div>\n\t\t\t\t<\/div>\n\t\t\t\t<div class=\"elementor-element elementor-element-8bfcef8 elementor-hidden-mobile color-scheme-inherit text-left elementor-widget elementor-widget-text-editor\" data-id=\"8bfcef8\" data-element_type=\"widget\" data-widget_type=\"text-editor.default\">\n\t\t\t\t<div class=\"elementor-widget-container\">\n\t\t\t<style>\/*! elementor - v3.20.0 - 13-03-2024 *\/\n.elementor-widget-text-editor.elementor-drop-cap-view-stacked .elementor-drop-cap{background-color:#69727d;color:#fff}.elementor-widget-text-editor.elementor-drop-cap-view-framed .elementor-drop-cap{color:#69727d;border:3px solid;background-color:transparent}.elementor-widget-text-editor:not(.elementor-drop-cap-view-default) .elementor-drop-cap{margin-top:8px}.elementor-widget-text-editor:not(.elementor-drop-cap-view-default) .elementor-drop-cap-letter{width:1em;height:1em}.elementor-widget-text-editor .elementor-drop-cap{float:left;text-align:center;line-height:1;font-size:50px}.elementor-widget-text-editor .elementor-drop-cap-letter{display:inline-block}<\/style>\t\t\t\t<p>Jacob Collier is a British musical genius who is celebrated worldwide for his extraordinary versatility and creativity. Born in London in 1994, he started making music at a young age and initially made a name for himself with YouTube covers. With his signature style that seamlessly blends genres such as jazz, pop, classical and world music, Collier has continually redefined the boundaries of musical creation. His attention to detail and innovative use of harmony and technology make him one of the most influential musicians of his generation.<\/p>\n<p>His debut album <em>\"In My Room\"<\/em> (2016), which he recorded and produced entirely in his childhood bedroom, won a Grammy and laid the foundations for his international success. With his album series <em>\"Djesse\"<\/em>Collier has launched an ambitious project that brings together music from a wide range of cultures and genres. His collaborations with artists such as Herbie Hancock, Coldplay and SZA demonstrate his enormous range as a musician. Particularly impressive is his ability to make complex harmonies and rhythms accessible and emotionally moving.<\/p>\n<p>In addition to his studio work, Collier is also an impressive live performer, known for his energetic concerts where he experiments with a variety of instruments on stage. His passion for music education is also evident in his interactions with fans and his workshops, where he teaches music theory and creativity in unconventional ways. Jacob Collier is a pioneer of the modern music scene, merging the boundaries of art, science and emotion in music.<\/p>\t\t\t\t\t\t<\/div>\n\t\t\t\t<\/div>\n\t\t\t\t<\/div>\n\t\t\t\t\t<\/div>\n\t\t\t\t<\/div>\n\t\t<div class=\"elementor-element elementor-element-4dfefb1 e-con-full wd-section-stretch-content e-flex e-con e-parent\" data-id=\"4dfefb1\" data-element_type=\"container\" data-core-v316-plus=\"true\">\n\t\t\t\t<div class=\"elementor-element elementor-element-6cfad16 elementor-widget-divider--view-line elementor-widget elementor-widget-divider\" data-id=\"6cfad16\" data-element_type=\"widget\" data-widget_type=\"divider.default\">\n\t\t\t\t<div class=\"elementor-widget-container\">\n\t\t\t<style>\/*! elementor - v3.20.0 - 13-03-2024 *\/\n.elementor-widget-divider{--divider-border-style:none;--divider-border-width:1px;--divider-color:#0c0d0e;--divider-icon-size:20px;--divider-element-spacing:10px;--divider-pattern-height:24px;--divider-pattern-size:20px;--divider-pattern-url:none;--divider-pattern-repeat:repeat-x}.elementor-widget-divider .elementor-divider{display:flex}.elementor-widget-divider .elementor-divider__text{font-size:15px;line-height:1;max-width:95%}.elementor-widget-divider .elementor-divider__element{margin:0 var(--divider-element-spacing);flex-shrink:0}.elementor-widget-divider .elementor-icon{font-size:var(--divider-icon-size)}.elementor-widget-divider .elementor-divider-separator{display:flex;margin:0;direction:ltr}.elementor-widget-divider--view-line_icon .elementor-divider-separator,.elementor-widget-divider--view-line_text .elementor-divider-separator{align-items:center}.elementor-widget-divider--view-line_icon .elementor-divider-separator:after,.elementor-widget-divider--view-line_icon .elementor-divider-separator:before,.elementor-widget-divider--view-line_text .elementor-divider-separator:after,.elementor-widget-divider--view-line_text .elementor-divider-separator:before{display:block;content:\"\";border-block-end:0;flex-grow:1;border-block-start:var(--divider-border-width) var(--divider-border-style) var(--divider-color)}.elementor-widget-divider--element-align-left .elementor-divider .elementor-divider-separator>.elementor-divider__svg:first-of-type{flex-grow:0;flex-shrink:100}.elementor-widget-divider--element-align-left .elementor-divider-separator:before{content:none}.elementor-widget-divider--element-align-left .elementor-divider__element{margin-left:0}.elementor-widget-divider--element-align-right .elementor-divider .elementor-divider-separator>.elementor-divider__svg:last-of-type{flex-grow:0;flex-shrink:100}.elementor-widget-divider--element-align-right .elementor-divider-separator:after{content:none}.elementor-widget-divider--element-align-right .elementor-divider__element{margin-right:0}.elementor-widget-divider--element-align-start .elementor-divider .elementor-divider-separator>.elementor-divider__svg:first-of-type{flex-grow:0;flex-shrink:100}.elementor-widget-divider--element-align-start .elementor-divider-separator:before{content:none}.elementor-widget-divider--element-align-start .elementor-divider__element{margin-inline-start:0}.elementor-widget-divider--element-align-end .elementor-divider .elementor-divider-separator>.elementor-divider__svg:last-of-type{flex-grow:0;flex-shrink:100}.elementor-widget-divider--element-align-end .elementor-divider-separator:after{content:none}.elementor-widget-divider--element-align-end .elementor-divider__element{margin-inline-end:0}.elementor-widget-divider:not(.elementor-widget-divider--view-line_text):not(.elementor-widget-divider--view-line_icon) .elementor-divider-separator{border-block-start:var(--divider-border-width) var(--divider-border-style) var(--divider-color)}.elementor-widget-divider--separator-type-pattern{--divider-border-style:none}.elementor-widget-divider--separator-type-pattern.elementor-widget-divider--view-line .elementor-divider-separator,.elementor-widget-divider--separator-type-pattern:not(.elementor-widget-divider--view-line) .elementor-divider-separator:after,.elementor-widget-divider--separator-type-pattern:not(.elementor-widget-divider--view-line) .elementor-divider-separator:before,.elementor-widget-divider--separator-type-pattern:not([class*=elementor-widget-divider--view]) .elementor-divider-separator{width:100%;min-height:var(--divider-pattern-height);-webkit-mask-size:var(--divider-pattern-size) 100%;mask-size:var(--divider-pattern-size) 100%;-webkit-mask-repeat:var(--divider-pattern-repeat);mask-repeat:var(--divider-pattern-repeat);background-color:var(--divider-color);-webkit-mask-image:var(--divider-pattern-url);mask-image:var(--divider-pattern-url)}.elementor-widget-divider--no-spacing{--divider-pattern-size:auto}.elementor-widget-divider--bg-round{--divider-pattern-repeat:round}.rtl .elementor-widget-divider .elementor-divider__text{direction:rtl}.e-con-inner>.elementor-widget-divider,.e-con>.elementor-widget-divider{width:var(--container-widget-width,100%);--flex-grow:var(--container-widget-flex-grow)}<\/style>\t\t<div class=\"elementor-divider\">\n\t\t\t<span class=\"elementor-divider-separator\">\n\t\t\t\t\t\t<\/span>\n\t\t<\/div>\n\t\t\t\t<\/div>\n\t\t\t\t<\/div>\n\t\t\t\t<\/div>\n\t\t<div class=\"wd-negative-gap elementor-element elementor-element-e800fe5 e-flex e-con-boxed wd-section-disabled e-con e-parent\" data-id=\"e800fe5\" data-element_type=\"container\" data-core-v316-plus=\"true\">\n\t\t\t\t\t<div class=\"e-con-inner\">\n\t\t<div class=\"elementor-element elementor-element-157a403 e-con-full e-flex wd-section-disabled e-con e-child\" data-id=\"157a403\" data-element_type=\"container\">\n\t\t\t\t<div class=\"elementor-element elementor-element-046fa07 elementor-widget elementor-widget-image\" data-id=\"046fa07\" data-element_type=\"widget\" data-widget_type=\"image.default\">\n\t\t\t\t<div class=\"elementor-widget-container\">\n\t\t\t\t\t\t\t\t\t\t\t\t\t<img decoding=\"async\" src=\"https:\/\/mastertix.de\/wp-content\/uploads\/2023\/10\/germany-31017_1280-min.png\" title=\"\" alt=\"\" loading=\"lazy\" \/>\t\t\t\t\t\t\t\t\t\t\t\t\t<\/div>\n\t\t\t\t<\/div>\n\t\t\t\t<\/div>\n\t\t<div class=\"elementor-element elementor-element-dcbe7e1 e-con-full e-flex wd-section-disabled e-con e-child\" data-id=\"dcbe7e1\" data-element_type=\"container\">\n\t\t\t\t<div class=\"elementor-element elementor-element-b2a32b3 elementor-widget-mobile__width-initial color-scheme-inherit text-left elementor-widget elementor-widget-text-editor\" data-id=\"b2a32b3\" data-element_type=\"widget\" data-widget_type=\"text-editor.default\">\n\t\t\t\t<div class=\"elementor-widget-container\">\n\t\t\t\t\t\t\t<h4><strong><span style=\"color: #000000;\"><img decoding=\"async\" class=\"alignnone wp-image-10463 size-full\" src=\"https:\/\/mastertix.de\/wp-content\/uploads\/2024\/02\/germany-2.png\" alt=\"\" width=\"25\" height=\"25\" srcset=\"https:\/\/mastertix.de\/wp-content\/uploads\/2024\/02\/germany-2.png 25w, https:\/\/mastertix.de\/wp-content\/uploads\/2024\/02\/germany-2-12x12.png 12w\" sizes=\"(max-width: 25px) 100vw, 25px\" \/> <\/span><\/strong><strong><span style=\"color: #000000;\">Events in Germany<\/span><\/strong><\/h4>\t\t\t\t\t\t<\/div>\n\t\t\t\t<\/div>\n\t\t\t\t<\/div>\n\t\t\t\t\t<\/div>\n\t\t\t\t<\/div>\n\t\t<div class=\"wd-negative-gap elementor-element elementor-element-f121275 e-flex e-con-boxed wd-section-disabled e-con e-parent\" data-id=\"f121275\" data-element_type=\"container\" data-core-v316-plus=\"true\">\n\t\t\t\t\t<div class=\"e-con-inner\">\n\t\t<div class=\"elementor-element elementor-element-f90b1bc e-con-full e-flex wd-section-disabled e-con e-child\" data-id=\"f90b1bc\" data-element_type=\"container\" data-settings=\"{&quot;background_background&quot;:&quot;classic&quot;}\">\n\t\t\t\t<div class=\"elementor-element elementor-element-312d137 elementor-grid-tablet-1 elementor-widget-mobile__width-initial elementor-grid-6 elementor-grid-mobile-2 elementor-products-grid elementor-wc-products elementor-show-pagination-border-yes elementor-widget elementor-widget-woocommerce-products\" data-id=\"312d137\" data-element_type=\"widget\" data-widget_type=\"woocommerce-products.default\">\n\t\t\t\t<div class=\"elementor-widget-container\">\n\t\t\t<link rel=\"stylesheet\" href=\"https:\/\/mastertix.de\/wp-content\/plugins\/elementor-pro\/assets\/css\/widget-woocommerce.min.css\"><div class=\"woocommerce columns-6\">\n\t\t<div class=\"wd-products-per-page\">\n\t\t\t<span class=\"per-page-title\">\n\t\t\t\tShow\t\t\t<\/span>\n\n\t\t\t\t\t\t\t\t\t\t\t<a rel=\"nofollow noopener\" href=\"?per_page=9\" class=\"per-page-variation\">\n\t\t\t\t\t<span>\n\t\t\t\t\t\t9\t\t\t\t\t<\/span>\n\t\t\t\t<\/a>\n\t\t\t\t<span class=\"per-page-border\"><\/span>\n\t\t\t\t\t\t\t\t\t\t\t<a rel=\"nofollow noopener\" href=\"?per_page=12\" class=\"per-page-variation current-variation\">\n\t\t\t\t\t<span>\n\t\t\t\t\t\t12\t\t\t\t\t<\/span>\n\t\t\t\t<\/a>\n\t\t\t\t<span class=\"per-page-border\"><\/span>\n\t\t\t\t\t\t\t\t\t\t\t<a rel=\"nofollow noopener\" href=\"?per_page=18\" class=\"per-page-variation\">\n\t\t\t\t\t<span>\n\t\t\t\t\t\t18\t\t\t\t\t<\/span>\n\t\t\t\t<\/a>\n\t\t\t\t<span class=\"per-page-border\"><\/span>\n\t\t\t\t\t\t\t\t\t\t\t<a rel=\"nofollow noopener\" href=\"?per_page=24\" class=\"per-page-variation\">\n\t\t\t\t\t<span>\n\t\t\t\t\t\t24\t\t\t\t\t<\/span>\n\t\t\t\t<\/a>\n\t\t\t\t<span class=\"per-page-border\"><\/span>\n\t\t\t\t\t<\/div>\n\t\t\n<div class=\"products elements-grid wd-products-holder  elements-list pagination-pagination align-items-start wd-products-with-bg row\" data-source=\"main_loop\" data-min_price=\"\" data-max_price=\"\" data-columns=\"3\">\n<div class=\"product-grid-item product product-list-item  col-lg-12 col-md-12 col-12 first  last  type-product post-80672 status-publish instock product_cat-jacob-collier product_cat-konzerte has-post-thumbnail taxable shipping-taxable purchasable product-type-variable\" data-loop=\"1\" data-id=\"80672\">\n\t\t\t\t\n\t\n\t<div class=\"product-wrapper\">\n\t\t<div class=\"product-element-top wd-quick-shop\">\n\t\t\t<a href=\"https:\/\/mastertix.de\/en\/product\/jacob-collier-live-2026-berlin\/\" class=\"product-image-link\">\n\t\t\t\t<img decoding=\"async\" width=\"600\" height=\"600\" src=\"https:\/\/mastertix.de\/wp-content\/uploads\/2024\/02\/01-8-600x600.jpg\" class=\"attachment-woocommerce_thumbnail size-woocommerce_thumbnail\" alt=\"\" srcset=\"https:\/\/mastertix.de\/wp-content\/uploads\/2024\/02\/01-8-600x600.jpg 600w, https:\/\/mastertix.de\/wp-content\/uploads\/2024\/02\/01-8-150x150.jpg 150w, https:\/\/mastertix.de\/wp-content\/uploads\/2024\/02\/01-8-1200x1200.jpg 1200w\" sizes=\"(max-width: 600px) 100vw, 600px\" \/>\t\t\t<\/a>\n\n\t\t\t\n\t\t\t<div class=\"wd-buttons wd-pos-r-t\">\n\t\t\t\t\t\t\t\t\t\t<div class=\"quick-view wd-action-btn wd-style-icon wd-quick-view-icon\">\n\t\t\t<a\n\t\t\t\thref=\"https:\/\/mastertix.de\/en\/product\/jacob-collier-live-2026-berlin\/\"\n\t\t\t\tclass=\"open-quick-view quick-view-button\"\n\t\t\t\trel=\"nofollow\"\n\t\t\t\tdata-id=\"80672\"\n\t\t\t\t>Quick view<\/a>\n\t\t<\/div>\n\t\t\t\t\t\t\t\t\t\t\t\t\t<div class=\"wd-wishlist-btn wd-action-btn wd-style-icon wd-wishlist-icon\">\n\t\t\t\t<a class=\"\" href=\"https:\/\/mastertix.de\/en\/wishlist\/\" data-key=\"94a816d1f4\" data-product-id=\"80672\" rel=\"nofollow\" data-added-text=\"Browse Wishlist\">\n\t\t\t\t\t<span>Add to wishlist<\/span>\n\t\t\t\t<\/a>\n\t\t\t<\/div>\n\t\t\t\t\t<\/div>\n\t\t<\/div>\n\n\t\t<div class=\"product-list-content wd-scroll\">\n\t\t\t<h3 class=\"wd-entities-title\"><a href=\"https:\/\/mastertix.de\/en\/product\/jacob-collier-live-2026-berlin\/\">Jacob Collier Live 2026 - BERLIN<\/a><\/h3>\t\t\t\t\t<div class=\"wd-product-cats\">\n\t\t\t<a href=\"https:\/\/mastertix.de\/en\/product-category\/konzerte\/\" rel=\"tag\">Concerts<\/a>, <a href=\"https:\/\/mastertix.de\/en\/product-category\/konzerte\/jacob-collier\/\" rel=\"tag\">Jacob Collier<\/a>\t\t<\/div>\n\t\t\t\t\t\t\t\t\t\t\t\n\t<span class=\"price\"><span class=\"woocommerce-Price-amount amount\"><bdi>199,00&nbsp;<span class=\"woocommerce-Price-currencySymbol\">\u20ac<\/span><\/bdi><\/span> <small class=\"woocommerce-price-suffix\">incl. VAT.<\/small><\/span>\n\t\t\t\t\t\t<div class=\"woocommerce-product-details__short-description\">\n\t<p>Thursday, 10.09.2026 | 20:00<br \/>\nBERLIN | Admiralspalast<\/p>\n<\/div>\n\t\t\t\n\t\t\t\n\t\t\t\n\t\t\t<div class=\"wd-add-btn wd-add-btn-replace\">\n\t\t\t\t\n\t\t\t\t<a href=\"https:\/\/mastertix.de\/en\/product\/jacob-collier-live-2026-berlin\/\" data-quantity=\"1\" class=\"button product_type_variable add_to_cart_button add-to-cart-loop\" data-product_id=\"80672\" data-product_sku=\"\" aria-label=\"Select options for \u201cJacob Collier Live 2026 - BERLIN\u201d\" aria-describedby=\"This product has multiple variants. The options may be chosen on the product page\" rel=\"nofollow\" data-no-translation-aria-label=\"\" data-no-translation-aria-describedby=\"\"><span data-no-translation=\"\" data-trp-gettext=\"\">Select options<\/span><\/a>\t\t\t<\/div>\n\n\t\t\t\n\t<p class=\"wc-gzd-additional-info wc-gzd-additional-info-loop tax-info\">incl. VAT<\/p>\n\n\t<p class=\"wc-gzd-additional-info wc-gzd-additional-info-loop shipping-costs-info\">plus <a href=\"\" target=\"_blank\">Shipping costs<\/a><\/p>\n\n\n\t\t<\/div>\n\t<\/div>\n<\/div>\n<\/div><\/div>\t\t<\/div>\n\t\t\t\t<\/div>\n\t\t\t\t<\/div>\n\t\t<div class=\"elementor-element elementor-element-dc49e70 e-con-full e-flex wd-section-disabled e-con e-child\" data-id=\"dc49e70\" data-element_type=\"container\">\n\t\t\t\t<div class=\"elementor-element elementor-element-4be897b elementor-hidden-desktop elementor-hidden-tablet color-scheme-inherit text-left elementor-widget elementor-widget-text-editor\" data-id=\"4be897b\" data-element_type=\"widget\" data-widget_type=\"text-editor.default\">\n\t\t\t\t<div class=\"elementor-widget-container\">\n\t\t\t\t\t\t\t\t\t\t\t\t\t<\/div>\n\t\t\t\t<\/div>\n\t\t\t\t<div class=\"elementor-element elementor-element-20c7c8d elementor-hidden-desktop elementor-hidden-tablet elementor-widget elementor-widget-spacer\" data-id=\"20c7c8d\" data-element_type=\"widget\" data-widget_type=\"spacer.default\">\n\t\t\t\t<div class=\"elementor-widget-container\">\n\t\t\t\t\t<div class=\"elementor-spacer\">\n\t\t\t<div class=\"elementor-spacer-inner\"><\/div>\n\t\t<\/div>\n\t\t\t\t<\/div>\n\t\t\t\t<\/div>\n\t\t\t\t<div class=\"elementor-element elementor-element-0859cc9 elementor-widget elementor-widget-image\" data-id=\"0859cc9\" data-element_type=\"widget\" data-widget_type=\"image.default\">\n\t\t\t\t<div class=\"elementor-widget-container\">\n\t\t\t\t\t\t\t\t\t\t\t\t\t\t<a href=\"https:\/\/mastertix.de\/en\/gutscheine\/\">\n\t\t\t\t\t\t\t<img loading=\"lazy\" decoding=\"async\" width=\"724\" height=\"1024\" src=\"https:\/\/mastertix.de\/wp-content\/uploads\/2024\/01\/Geschenkgutscheine-724x1024.jpg\" class=\"attachment-large size-large wp-image-2830\" alt=\"\" srcset=\"https:\/\/mastertix.de\/wp-content\/uploads\/2024\/01\/Geschenkgutscheine-724x1024.jpg 724w, https:\/\/mastertix.de\/wp-content\/uploads\/2024\/01\/Geschenkgutscheine-212x300.jpg 212w, https:\/\/mastertix.de\/wp-content\/uploads\/2024\/01\/Geschenkgutscheine-768x1086.jpg 768w, https:\/\/mastertix.de\/wp-content\/uploads\/2024\/01\/Geschenkgutscheine-1086x1536.jpg 1086w, https:\/\/mastertix.de\/wp-content\/uploads\/2024\/01\/Geschenkgutscheine-8x12.jpg 8w, https:\/\/mastertix.de\/wp-content\/uploads\/2024\/01\/Geschenkgutscheine-1200x1697.jpg 1200w, https:\/\/mastertix.de\/wp-content\/uploads\/2024\/01\/Geschenkgutscheine-150x212.jpg 150w, https:\/\/mastertix.de\/wp-content\/uploads\/2024\/01\/Geschenkgutscheine.jpg 1414w\" sizes=\"(max-width: 724px) 100vw, 724px\" \/>\t\t\t\t\t\t\t\t<\/a>\n\t\t\t\t\t\t\t\t\t\t\t\t\t<\/div>\n\t\t\t\t<\/div>\n\t\t\t\t<\/div>\n\t\t\t\t\t<\/div>\n\t\t\t\t<\/div>\n\t\t<div class=\"wd-negative-gap elementor-element elementor-element-bb3199f e-flex e-con-boxed wd-section-disabled e-con e-parent\" data-id=\"bb3199f\" data-element_type=\"container\" data-core-v316-plus=\"true\">\n\t\t\t\t\t<div class=\"e-con-inner\">\n\t\t<div class=\"elementor-element elementor-element-c091324 e-con-full e-flex wd-section-disabled e-con e-child\" data-id=\"c091324\" data-element_type=\"container\" data-settings=\"{&quot;background_background&quot;:&quot;classic&quot;}\">\n\t\t\t\t<\/div>\n\t\t\t\t\t<\/div>\n\t\t\t\t<\/div>\n\t\t<div class=\"wd-negative-gap elementor-element elementor-element-afcfb1d e-flex e-con-boxed wd-section-disabled e-con e-parent\" data-id=\"afcfb1d\" data-element_type=\"container\" data-core-v316-plus=\"true\">\n\t\t\t\t\t<div class=\"e-con-inner\">\n\t\t\t\t<div class=\"elementor-element elementor-element-89fc1a1 elementor-widget elementor-widget-spacer\" data-id=\"89fc1a1\" data-element_type=\"widget\" data-widget_type=\"spacer.default\">\n\t\t\t\t<div class=\"elementor-widget-container\">\n\t\t\t\t\t<div class=\"elementor-spacer\">\n\t\t\t<div class=\"elementor-spacer-inner\"><\/div>\n\t\t<\/div>\n\t\t\t\t<\/div>\n\t\t\t\t<\/div>\n\t\t\t\t\t<\/div>\n\t\t\t\t<\/div>\n\t\t\t\t<\/div>","protected":false},"excerpt":{"rendered":"<p>Jacob Collier Jacob Collier ist ein britisches Musikgenie, das weltweit f\u00fcr seine au\u00dfergew\u00f6hnliche Vielseitigkeit und Kreativit\u00e4t gefeiert wird. Geboren 1994<\/p>","protected":false},"author":2,"featured_media":0,"parent":0,"menu_order":0,"comment_status":"closed","ping_status":"closed","template":"elementor_header_footer","meta":{"footnotes":""},"class_list":["post-43365","page","type-page","status-publish","hentry"],"publishpress_future_workflow_manual_trigger":{"enabledWorkflows":[]},"_links":{"self":[{"href":"https:\/\/mastertix.de\/en\/wp-json\/wp\/v2\/pages\/43365","targetHints":{"allow":["GET"]}}],"collection":[{"href":"https:\/\/mastertix.de\/en\/wp-json\/wp\/v2\/pages"}],"about":[{"href":"https:\/\/mastertix.de\/en\/wp-json\/wp\/v2\/types\/page"}],"author":[{"embeddable":true,"href":"https:\/\/mastertix.de\/en\/wp-json\/wp\/v2\/users\/2"}],"replies":[{"embeddable":true,"href":"https:\/\/mastertix.de\/en\/wp-json\/wp\/v2\/comments?post=43365"}],"version-history":[{"count":0,"href":"https:\/\/mastertix.de\/en\/wp-json\/wp\/v2\/pages\/43365\/revisions"}],"wp:attachment":[{"href":"https:\/\/mastertix.de\/en\/wp-json\/wp\/v2\/media?parent=43365"}],"curies":[{"name":"wp","href":"https:\/\/api.w.org\/{rel}","templated":true}]}}