{"id":15947,"date":"2024-03-30T12:55:48","date_gmt":"2024-03-30T11:55:48","guid":{"rendered":"https:\/\/mastertix.de\/?page_id=15947"},"modified":"2024-03-30T12:56:50","modified_gmt":"2024-03-30T11:56:50","slug":"calexico","status":"publish","type":"page","link":"https:\/\/mastertix.de\/en\/calexico\/","title":{"rendered":"Calexico"},"content":{"rendered":"<div data-elementor-type=\"wp-page\" data-elementor-id=\"15947\" class=\"elementor elementor-15947\" data-elementor-post-type=\"page\">\n\t\t\t\t<div class=\"wd-negative-gap elementor-element elementor-element-b0c1140 e-flex e-con-boxed wd-section-disabled e-con e-parent\" data-id=\"b0c1140\" data-element_type=\"container\" data-core-v316-plus=\"true\">\n\t\t\t\t\t<div class=\"e-con-inner\">\n\t\t<div class=\"elementor-element elementor-element-467ffa6 e-con-full e-flex wd-section-disabled e-con e-child\" data-id=\"467ffa6\" data-element_type=\"container\">\n\t\t\t\t<div class=\"elementor-element elementor-element-59d39b5 elementor-widget elementor-widget-image\" data-id=\"59d39b5\" data-element_type=\"widget\" data-widget_type=\"image.default\">\n\t\t\t\t<div class=\"elementor-widget-container\">\n\t\t\t<style>\/*! elementor - v3.20.0 - 13-03-2024 *\/\n.elementor-widget-image{text-align:center}.elementor-widget-image a{display:inline-block}.elementor-widget-image a img[src$=\".svg\"]{width:48px}.elementor-widget-image img{vertical-align:middle;display:inline-block}<\/style>\t\t\t\t\t\t\t\t\t\t<img decoding=\"async\" src=\"https:\/\/mastertix.de\/wp-content\/uploads\/elementor\/thumbs\/pexels-monica-silvestre-713149-scaled-e1706798383798-qj68ncp4gzzyno9pvxdew3dnkfdcwj4t2i36r9rmug.jpg\" title=\"pexels-monica-silvestre-713149\" alt=\"pexels-monica-silvestre-713149\" loading=\"lazy\" \/>\t\t\t\t\t\t\t\t\t\t\t\t\t<\/div>\n\t\t\t\t<\/div>\n\t\t\t\t<\/div>\n\t\t<div class=\"elementor-element elementor-element-9b638b0 e-con-full e-flex wd-section-disabled e-con e-child\" data-id=\"9b638b0\" data-element_type=\"container\">\n\t\t\t\t<div class=\"elementor-element elementor-element-17c221a elementor-widget elementor-widget-spacer\" data-id=\"17c221a\" data-element_type=\"widget\" data-widget_type=\"spacer.default\">\n\t\t\t\t<div class=\"elementor-widget-container\">\n\t\t\t<style>\/*! elementor - v3.20.0 - 13-03-2024 *\/\n.elementor-column .elementor-spacer-inner{height:var(--spacer-size)}.e-con{--container-widget-width:100%}.e-con-inner>.elementor-widget-spacer,.e-con>.elementor-widget-spacer{width:var(--container-widget-width,var(--spacer-size));--align-self:var(--container-widget-align-self,initial);--flex-shrink:0}.e-con-inner>.elementor-widget-spacer>.elementor-widget-container,.e-con>.elementor-widget-spacer>.elementor-widget-container{height:100%;width:100%}.e-con-inner>.elementor-widget-spacer>.elementor-widget-container>.elementor-spacer,.e-con>.elementor-widget-spacer>.elementor-widget-container>.elementor-spacer{height:100%}.e-con-inner>.elementor-widget-spacer>.elementor-widget-container>.elementor-spacer>.elementor-spacer-inner,.e-con>.elementor-widget-spacer>.elementor-widget-container>.elementor-spacer>.elementor-spacer-inner{height:var(--container-widget-height,var(--spacer-size))}.e-con-inner>.elementor-widget-spacer.elementor-widget-empty,.e-con>.elementor-widget-spacer.elementor-widget-empty{position:relative;min-height:22px;min-width:22px}.e-con-inner>.elementor-widget-spacer.elementor-widget-empty .elementor-widget-empty-icon,.e-con>.elementor-widget-spacer.elementor-widget-empty .elementor-widget-empty-icon{position:absolute;top:0;bottom:0;left:0;right:0;margin:auto;padding:0;width:22px;height:22px}<\/style>\t\t<div class=\"elementor-spacer\">\n\t\t\t<div class=\"elementor-spacer-inner\"><\/div>\n\t\t<\/div>\n\t\t\t\t<\/div>\n\t\t\t\t<\/div>\n\t\t\t\t<div class=\"elementor-element elementor-element-9c09a02 elementor-widget elementor-widget-heading\" data-id=\"9c09a02\" data-element_type=\"widget\" data-widget_type=\"heading.default\">\n\t\t\t\t<div class=\"elementor-widget-container\">\n\t\t\t<style>\/*! elementor - v3.20.0 - 13-03-2024 *\/\n.elementor-heading-title{padding:0;margin:0;line-height:1}.elementor-widget-heading .elementor-heading-title[class*=elementor-size-]>a{color:inherit;font-size:inherit;line-height:inherit}.elementor-widget-heading .elementor-heading-title.elementor-size-small{font-size:15px}.elementor-widget-heading .elementor-heading-title.elementor-size-medium{font-size:19px}.elementor-widget-heading .elementor-heading-title.elementor-size-large{font-size:29px}.elementor-widget-heading .elementor-heading-title.elementor-size-xl{font-size:39px}.elementor-widget-heading .elementor-heading-title.elementor-size-xxl{font-size:59px}<\/style><h1 class=\"elementor-heading-title elementor-size-default\"><a href=\"https:\/\/mastertix.de\/en\/product\/Calexico\/\">Calexico <\/a><\/h1>\t\t<\/div>\n\t\t\t\t<\/div>\n\t\t\t\t<div class=\"elementor-element elementor-element-adcc7e4 elementor-hidden-mobile color-scheme-inherit text-left elementor-widget elementor-widget-text-editor\" data-id=\"adcc7e4\" data-element_type=\"widget\" data-widget_type=\"text-editor.default\">\n\t\t\t\t<div class=\"elementor-widget-container\">\n\t\t\t<style>\/*! elementor - v3.20.0 - 13-03-2024 *\/\n.elementor-widget-text-editor.elementor-drop-cap-view-stacked .elementor-drop-cap{background-color:#69727d;color:#fff}.elementor-widget-text-editor.elementor-drop-cap-view-framed .elementor-drop-cap{color:#69727d;border:3px solid;background-color:transparent}.elementor-widget-text-editor:not(.elementor-drop-cap-view-default) .elementor-drop-cap{margin-top:8px}.elementor-widget-text-editor:not(.elementor-drop-cap-view-default) .elementor-drop-cap-letter{width:1em;height:1em}.elementor-widget-text-editor .elementor-drop-cap{float:left;text-align:center;line-height:1;font-size:50px}.elementor-widget-text-editor .elementor-drop-cap-letter{display:inline-block}<\/style>\t\t\t\t<div class=\"flex-1 overflow-hidden\"><div class=\"react-scroll-to-bottom--css-zczhy-79elbk h-full\"><div class=\"react-scroll-to-bottom--css-zczhy-1n7m0yu\"><div class=\"flex flex-col text-sm pb-9\"><div class=\"w-full text-token-text-primary\" data-testid=\"conversation-turn-63\"><div class=\"px-4 py-2 justify-center text-base md:gap-6 m-auto\"><div class=\"flex flex-1 text-base mx-auto gap-3 md:px-5 lg:px-1 xl:px-5 md:max-w-3xl lg:max-w-[40rem] xl:max-w-[48rem] group final-completion\"><div class=\"relative flex w-full flex-col agent-turn\"><div class=\"flex-col gap-1 md:gap-3\"><div class=\"flex flex-grow flex-col max-w-full\"><div class=\"min-h-[20px] text-message flex flex-col items-start gap-3 whitespace-pre-wrap break-words [.text-message+&amp;]:mt-5 overflow-x-auto\" data-message-author-role=\"assistant\" data-message-id=\"71cfb7db-7bdc-4232-8dbb-232834133292\"><div class=\"markdown prose w-full break-words dark:prose-invert light\"><p>Throughout their long career, Calexico have explored the unique, dusty frontier of the American Southwest, creating captivating, cinematic sounds as mysterious and awe-inspiring as the arid desert landscapes that inspired them.<\/p><p>Their latest album \"El Mirador\" (2022) acts as both a vantage point and a beacon in the darkness. It invites us to listen inward and reflect on our connection to the earth and to other people, while pointing a way forward. Despite over two decades on tour, Calexico's music remains inexhaustible, romantic, positive and dynamic, always looking for the next adventure and with the horizon in sight. Drawing on their diverse musical influences from around the world, their music is often infectious and vibrant, yet always modern and contemporary.<\/p><\/div><\/div><\/div><\/div><\/div><\/div><\/div><\/div><\/div><\/div><\/div><\/div>\t\t\t\t\t\t<\/div>\n\t\t\t\t<\/div>\n\t\t\t\t<div class=\"elementor-element elementor-element-77add68 elementor-widget elementor-widget-spacer\" data-id=\"77add68\" data-element_type=\"widget\" data-widget_type=\"spacer.default\">\n\t\t\t\t<div class=\"elementor-widget-container\">\n\t\t\t\t\t<div class=\"elementor-spacer\">\n\t\t\t<div class=\"elementor-spacer-inner\"><\/div>\n\t\t<\/div>\n\t\t\t\t<\/div>\n\t\t\t\t<\/div>\n\t\t\t\t<\/div>\n\t\t\t\t\t<\/div>\n\t\t\t\t<\/div>\n\t\t<div class=\"elementor-element elementor-element-4dfefb1 e-con-full wd-section-stretch-content e-flex e-con e-parent\" data-id=\"4dfefb1\" data-element_type=\"container\" data-core-v316-plus=\"true\">\n\t\t\t\t<div class=\"elementor-element elementor-element-6cfad16 elementor-widget-divider--view-line elementor-widget elementor-widget-divider\" data-id=\"6cfad16\" data-element_type=\"widget\" data-widget_type=\"divider.default\">\n\t\t\t\t<div class=\"elementor-widget-container\">\n\t\t\t<style>\/*! elementor - v3.20.0 - 13-03-2024 *\/\n.elementor-widget-divider{--divider-border-style:none;--divider-border-width:1px;--divider-color:#0c0d0e;--divider-icon-size:20px;--divider-element-spacing:10px;--divider-pattern-height:24px;--divider-pattern-size:20px;--divider-pattern-url:none;--divider-pattern-repeat:repeat-x}.elementor-widget-divider .elementor-divider{display:flex}.elementor-widget-divider .elementor-divider__text{font-size:15px;line-height:1;max-width:95%}.elementor-widget-divider .elementor-divider__element{margin:0 var(--divider-element-spacing);flex-shrink:0}.elementor-widget-divider .elementor-icon{font-size:var(--divider-icon-size)}.elementor-widget-divider .elementor-divider-separator{display:flex;margin:0;direction:ltr}.elementor-widget-divider--view-line_icon .elementor-divider-separator,.elementor-widget-divider--view-line_text .elementor-divider-separator{align-items:center}.elementor-widget-divider--view-line_icon .elementor-divider-separator:after,.elementor-widget-divider--view-line_icon .elementor-divider-separator:before,.elementor-widget-divider--view-line_text .elementor-divider-separator:after,.elementor-widget-divider--view-line_text .elementor-divider-separator:before{display:block;content:\"\";border-block-end:0;flex-grow:1;border-block-start:var(--divider-border-width) var(--divider-border-style) var(--divider-color)}.elementor-widget-divider--element-align-left .elementor-divider .elementor-divider-separator>.elementor-divider__svg:first-of-type{flex-grow:0;flex-shrink:100}.elementor-widget-divider--element-align-left .elementor-divider-separator:before{content:none}.elementor-widget-divider--element-align-left .elementor-divider__element{margin-left:0}.elementor-widget-divider--element-align-right .elementor-divider .elementor-divider-separator>.elementor-divider__svg:last-of-type{flex-grow:0;flex-shrink:100}.elementor-widget-divider--element-align-right .elementor-divider-separator:after{content:none}.elementor-widget-divider--element-align-right .elementor-divider__element{margin-right:0}.elementor-widget-divider--element-align-start .elementor-divider .elementor-divider-separator>.elementor-divider__svg:first-of-type{flex-grow:0;flex-shrink:100}.elementor-widget-divider--element-align-start .elementor-divider-separator:before{content:none}.elementor-widget-divider--element-align-start .elementor-divider__element{margin-inline-start:0}.elementor-widget-divider--element-align-end .elementor-divider .elementor-divider-separator>.elementor-divider__svg:last-of-type{flex-grow:0;flex-shrink:100}.elementor-widget-divider--element-align-end .elementor-divider-separator:after{content:none}.elementor-widget-divider--element-align-end .elementor-divider__element{margin-inline-end:0}.elementor-widget-divider:not(.elementor-widget-divider--view-line_text):not(.elementor-widget-divider--view-line_icon) .elementor-divider-separator{border-block-start:var(--divider-border-width) var(--divider-border-style) var(--divider-color)}.elementor-widget-divider--separator-type-pattern{--divider-border-style:none}.elementor-widget-divider--separator-type-pattern.elementor-widget-divider--view-line .elementor-divider-separator,.elementor-widget-divider--separator-type-pattern:not(.elementor-widget-divider--view-line) .elementor-divider-separator:after,.elementor-widget-divider--separator-type-pattern:not(.elementor-widget-divider--view-line) .elementor-divider-separator:before,.elementor-widget-divider--separator-type-pattern:not([class*=elementor-widget-divider--view]) .elementor-divider-separator{width:100%;min-height:var(--divider-pattern-height);-webkit-mask-size:var(--divider-pattern-size) 100%;mask-size:var(--divider-pattern-size) 100%;-webkit-mask-repeat:var(--divider-pattern-repeat);mask-repeat:var(--divider-pattern-repeat);background-color:var(--divider-color);-webkit-mask-image:var(--divider-pattern-url);mask-image:var(--divider-pattern-url)}.elementor-widget-divider--no-spacing{--divider-pattern-size:auto}.elementor-widget-divider--bg-round{--divider-pattern-repeat:round}.rtl .elementor-widget-divider .elementor-divider__text{direction:rtl}.e-con-inner>.elementor-widget-divider,.e-con>.elementor-widget-divider{width:var(--container-widget-width,100%);--flex-grow:var(--container-widget-flex-grow)}<\/style>\t\t<div class=\"elementor-divider\">\n\t\t\t<span class=\"elementor-divider-separator\">\n\t\t\t\t\t\t<\/span>\n\t\t<\/div>\n\t\t\t\t<\/div>\n\t\t\t\t<\/div>\n\t\t\t\t<\/div>\n\t\t<div class=\"wd-negative-gap elementor-element elementor-element-4c7f1ed e-flex e-con-boxed wd-section-disabled e-con e-parent\" data-id=\"4c7f1ed\" data-element_type=\"container\" data-core-v316-plus=\"true\">\n\t\t\t\t\t<div class=\"e-con-inner\">\n\t\t<div class=\"elementor-element elementor-element-e73c22d e-con-full e-flex wd-section-disabled e-con e-child\" data-id=\"e73c22d\" data-element_type=\"container\">\n\t\t\t\t<div class=\"elementor-element elementor-element-19240f6 elementor-widget elementor-widget-image\" data-id=\"19240f6\" data-element_type=\"widget\" data-widget_type=\"image.default\">\n\t\t\t\t<div class=\"elementor-widget-container\">\n\t\t\t\t\t\t\t\t\t\t\t\t\t<img decoding=\"async\" src=\"https:\/\/mastertix.de\/wp-content\/uploads\/2023\/10\/germany-31017_1280-min.png\" title=\"\" alt=\"\" loading=\"lazy\" \/>\t\t\t\t\t\t\t\t\t\t\t\t\t<\/div>\n\t\t\t\t<\/div>\n\t\t\t\t<\/div>\n\t\t<div class=\"elementor-element elementor-element-bdd9c08 e-con-full e-flex wd-section-disabled e-con e-child\" data-id=\"bdd9c08\" data-element_type=\"container\">\n\t\t\t\t<div class=\"elementor-element elementor-element-4cda7dd elementor-widget-mobile__width-initial color-scheme-inherit text-left elementor-widget elementor-widget-text-editor\" data-id=\"4cda7dd\" data-element_type=\"widget\" data-widget_type=\"text-editor.default\">\n\t\t\t\t<div class=\"elementor-widget-container\">\n\t\t\t\t\t\t\t<h4><strong><span style=\"color: #000000;\"><img decoding=\"async\" class=\"alignnone wp-image-10463 size-full\" src=\"https:\/\/mastertix.de\/wp-content\/uploads\/2024\/02\/germany-2.png\" alt=\"\" width=\"25\" height=\"25\" srcset=\"https:\/\/mastertix.de\/wp-content\/uploads\/2024\/02\/germany-2.png 25w, https:\/\/mastertix.de\/wp-content\/uploads\/2024\/02\/germany-2-12x12.png 12w\" sizes=\"(max-width: 25px) 100vw, 25px\" \/> <\/span><\/strong><strong><span style=\"color: #000000;\">Events in Germany<\/span><\/strong><\/h4>\t\t\t\t\t\t<\/div>\n\t\t\t\t<\/div>\n\t\t\t\t<\/div>\n\t\t\t\t\t<\/div>\n\t\t\t\t<\/div>\n\t\t<div class=\"wd-negative-gap elementor-element elementor-element-bb3199f e-flex e-con-boxed wd-section-disabled e-con e-parent\" data-id=\"bb3199f\" data-element_type=\"container\" data-core-v316-plus=\"true\">\n\t\t\t\t\t<div class=\"e-con-inner\">\n\t\t<div class=\"elementor-element elementor-element-c091324 e-con-full e-flex wd-section-disabled e-con e-child\" data-id=\"c091324\" data-element_type=\"container\" data-settings=\"{&quot;background_background&quot;:&quot;classic&quot;}\">\n\t\t\t\t<\/div>\n\t\t<div class=\"elementor-element elementor-element-04d09ca e-con-full e-flex wd-section-disabled e-con e-child\" data-id=\"04d09ca\" data-element_type=\"container\">\n\t\t\t\t<div class=\"elementor-element elementor-element-e7f6a95 elementor-widget elementor-widget-spacer\" data-id=\"e7f6a95\" data-element_type=\"widget\" data-widget_type=\"spacer.default\">\n\t\t\t\t<div class=\"elementor-widget-container\">\n\t\t\t\t\t<div class=\"elementor-spacer\">\n\t\t\t<div class=\"elementor-spacer-inner\"><\/div>\n\t\t<\/div>\n\t\t\t\t<\/div>\n\t\t\t\t<\/div>\n\t\t\t\t<div class=\"elementor-element elementor-element-cea6fa0 elementor-hidden-desktop elementor-hidden-tablet color-scheme-inherit text-left elementor-widget elementor-widget-text-editor\" data-id=\"cea6fa0\" data-element_type=\"widget\" data-widget_type=\"text-editor.default\">\n\t\t\t\t<div class=\"elementor-widget-container\">\n\t\t\t\t\t\t\t<div class=\"flex flex-grow flex-col max-w-full\"><div class=\"min-h-[20px] text-message flex flex-col items-start gap-3 whitespace-pre-wrap break-words [.text-message+&amp;]:mt-5 overflow-x-auto\" data-message-author-role=\"assistant\" data-message-id=\"4c687a9f-fa39-4aa5-b23c-fd93965370e4\"><div class=\"markdown prose w-full break-words dark:prose-invert light\"><div class=\"flex flex-grow flex-col max-w-full\"><div class=\"min-h-[20px] text-message flex flex-col items-start gap-3 whitespace-pre-wrap break-words [.text-message+&amp;]:mt-5 overflow-x-auto\" data-message-author-role=\"assistant\" data-message-id=\"dac2f411-46ff-489b-9f73-78b115cad970\"><div class=\"markdown prose w-full break-words dark:prose-invert light\"><div class=\"flex flex-grow flex-col max-w-full\"><div class=\"min-h-[20px] text-message flex flex-col items-start gap-3 whitespace-pre-wrap break-words [.text-message+&amp;]:mt-5 overflow-x-auto\" data-message-author-role=\"assistant\" data-message-id=\"12d46878-8875-4d2f-b81e-0dcb0f3ccab8\"><div class=\"markdown prose w-full break-words dark:prose-invert light\"><div class=\"flex flex-grow flex-col max-w-full\"><div class=\"min-h-[20px] text-message flex flex-col items-start gap-3 whitespace-pre-wrap break-words [.text-message+&amp;]:mt-5 overflow-x-auto\" data-message-author-role=\"assistant\" data-message-id=\"4edfce08-f3f8-4bc3-bde2-258a11942ddb\"><div class=\"markdown prose w-full break-words dark:prose-invert light\">\u00a0<\/div><\/div><\/div><\/div><\/div><\/div><\/div><\/div><\/div><div class=\"mt-1 flex justify-start gap-3 empty:hidden\"><div class=\"text-gray-400 flex self-end lg:self-center justify-center lg:justify-start mt-0 -ml-1 h-7 visible\">\u00a0<\/div><\/div><div class=\"flex\">\u00a0<\/div><\/div><\/div><\/div>\t\t\t\t\t\t<\/div>\n\t\t\t\t<\/div>\n\t\t\t\t<div class=\"elementor-element elementor-element-120306b elementor-widget elementor-widget-image\" data-id=\"120306b\" data-element_type=\"widget\" data-widget_type=\"image.default\">\n\t\t\t\t<div class=\"elementor-widget-container\">\n\t\t\t\t\t\t\t\t\t\t\t\t\t\t<a href=\"https:\/\/mastertix.de\/en\/gutscheine\/\">\n\t\t\t\t\t\t\t<img fetchpriority=\"high\" decoding=\"async\" width=\"724\" height=\"1024\" src=\"https:\/\/mastertix.de\/wp-content\/uploads\/2024\/01\/Geschenkgutscheine-724x1024.jpg\" class=\"attachment-large size-large wp-image-2830\" alt=\"\" srcset=\"https:\/\/mastertix.de\/wp-content\/uploads\/2024\/01\/Geschenkgutscheine-724x1024.jpg 724w, https:\/\/mastertix.de\/wp-content\/uploads\/2024\/01\/Geschenkgutscheine-212x300.jpg 212w, https:\/\/mastertix.de\/wp-content\/uploads\/2024\/01\/Geschenkgutscheine-768x1086.jpg 768w, https:\/\/mastertix.de\/wp-content\/uploads\/2024\/01\/Geschenkgutscheine-1086x1536.jpg 1086w, https:\/\/mastertix.de\/wp-content\/uploads\/2024\/01\/Geschenkgutscheine-8x12.jpg 8w, https:\/\/mastertix.de\/wp-content\/uploads\/2024\/01\/Geschenkgutscheine-1200x1697.jpg 1200w, https:\/\/mastertix.de\/wp-content\/uploads\/2024\/01\/Geschenkgutscheine-150x212.jpg 150w, https:\/\/mastertix.de\/wp-content\/uploads\/2024\/01\/Geschenkgutscheine.jpg 1414w\" sizes=\"(max-width: 724px) 100vw, 724px\" \/>\t\t\t\t\t\t\t\t<\/a>\n\t\t\t\t\t\t\t\t\t\t\t\t\t<\/div>\n\t\t\t\t<\/div>\n\t\t\t\t<\/div>\n\t\t\t\t\t<\/div>\n\t\t\t\t<\/div>\n\t\t<div class=\"wd-negative-gap elementor-element elementor-element-afcfb1d elementor-hidden-mobile e-flex e-con-boxed wd-section-disabled e-con e-parent\" data-id=\"afcfb1d\" data-element_type=\"container\" data-core-v316-plus=\"true\">\n\t\t\t\t\t<div class=\"e-con-inner\">\n\t\t\t\t<div class=\"elementor-element elementor-element-89fc1a1 elementor-widget elementor-widget-spacer\" data-id=\"89fc1a1\" data-element_type=\"widget\" data-widget_type=\"spacer.default\">\n\t\t\t\t<div class=\"elementor-widget-container\">\n\t\t\t\t\t<div class=\"elementor-spacer\">\n\t\t\t<div class=\"elementor-spacer-inner\"><\/div>\n\t\t<\/div>\n\t\t\t\t<\/div>\n\t\t\t\t<\/div>\n\t\t\t\t\t<\/div>\n\t\t\t\t<\/div>\n\t\t<div class=\"wd-negative-gap elementor-element elementor-element-8a37930 e-flex e-con-boxed wd-section-disabled e-con e-parent\" data-id=\"8a37930\" data-element_type=\"container\" data-core-v316-plus=\"true\">\n\t\t\t\t\t<div class=\"e-con-inner\">\n\t\t\t\t\t<\/div>\n\t\t\t\t<\/div>\n\t\t\t\t<\/div>","protected":false},"excerpt":{"rendered":"<p>Calexico Calexico haben sich w\u00e4hrend ihrer langj\u00e4hrigen Karriere intensiv mit dem einzigartigen, staubigen Grenzland des amerikanischen S\u00fcdwestens auseinandergesetzt und dabei<\/p>","protected":false},"author":2,"featured_media":0,"parent":0,"menu_order":0,"comment_status":"closed","ping_status":"closed","template":"elementor_header_footer","meta":{"footnotes":""},"class_list":["post-15947","page","type-page","status-publish","hentry"],"publishpress_future_workflow_manual_trigger":{"enabledWorkflows":[]},"_links":{"self":[{"href":"https:\/\/mastertix.de\/en\/wp-json\/wp\/v2\/pages\/15947","targetHints":{"allow":["GET"]}}],"collection":[{"href":"https:\/\/mastertix.de\/en\/wp-json\/wp\/v2\/pages"}],"about":[{"href":"https:\/\/mastertix.de\/en\/wp-json\/wp\/v2\/types\/page"}],"author":[{"embeddable":true,"href":"https:\/\/mastertix.de\/en\/wp-json\/wp\/v2\/users\/2"}],"replies":[{"embeddable":true,"href":"https:\/\/mastertix.de\/en\/wp-json\/wp\/v2\/comments?post=15947"}],"version-history":[{"count":0,"href":"https:\/\/mastertix.de\/en\/wp-json\/wp\/v2\/pages\/15947\/revisions"}],"wp:attachment":[{"href":"https:\/\/mastertix.de\/en\/wp-json\/wp\/v2\/media?parent=15947"}],"curies":[{"name":"wp","href":"https:\/\/api.w.org\/{rel}","templated":true}]}}